{"id":34,"date":"2023-05-31T22:48:29","date_gmt":"2023-05-31T20:48:29","guid":{"rendered":"https:\/\/josuekouame.com\/?page_id=34"},"modified":"2024-03-12T11:43:06","modified_gmt":"2024-03-12T10:43:06","slug":"qui-suis-je","status":"publish","type":"page","link":"https:\/\/josuekouame.com\/index.php\/qui-suis-je\/","title":{"rendered":"Qui suis-je ?"},"content":{"rendered":"\n<div class=\"wp-block-columns is-layout-flex wp-container-core-columns-is-layout-9d6595d7 wp-block-columns-is-layout-flex\">\n<div class=\"wp-block-column is-vertically-aligned-center is-layout-flow wp-block-column-is-layout-flow\" style=\"flex-basis:66.66%\">\n<h1 class=\"wp-block-heading\">&#8220;La folie, c&#8217;est de faire toujours la m\u00eame chose et de s&#8217;attendre \u00e0 un r\u00e9sultat diff\u00e9rent !&#8221; &#8211; Albert Einstein.<\/h1>\n<\/div>\n\n\n\n<div class=\"wp-block-column is-layout-flow wp-block-column-is-layout-flow\" style=\"flex-basis:33.33%\">\n<figure class=\"wp-block-image size-large is-resized\"><img loading=\"lazy\" decoding=\"async\" width=\"754\" height=\"1024\" src=\"http:\/\/josuekouame.com\/wp-content\/uploads\/2023\/06\/IMG_4094-754x1024.png\" alt=\"\" class=\"wp-image-659\" style=\"width:181px;height:245px\" srcset=\"https:\/\/josuekouame.com\/wp-content\/uploads\/2023\/06\/IMG_4094-754x1024.png 754w, https:\/\/josuekouame.com\/wp-content\/uploads\/2023\/06\/IMG_4094-221x300.png 221w, https:\/\/josuekouame.com\/wp-content\/uploads\/2023\/06\/IMG_4094-768x1043.png 768w, https:\/\/josuekouame.com\/wp-content\/uploads\/2023\/06\/IMG_4094-1131x1536.png 1131w, https:\/\/josuekouame.com\/wp-content\/uploads\/2023\/06\/IMG_4094-1508x2048.png 1508w, https:\/\/josuekouame.com\/wp-content\/uploads\/2023\/06\/IMG_4094-2000x2716.png 2000w\" sizes=\"auto, (max-width: 754px) 100vw, 754px\" \/><\/figure>\n<\/div>\n<\/div>\n\n\n\n<p class=\"has-text-align-left\">J\u2019aimerais vous parler de moi en repartant de cette citation. En r\u00e9alit\u00e9, je pense que ce sont des paroles plus profondes qu\u2019il n\u2019y para\u00eet qui nous invite \u00e0 remettre en question nos approches et \u00e0 chercher de nouvelles fa\u00e7ons de faire pour obtenir des r\u00e9sultats diff\u00e9rents et meilleurs.<\/p>\n\n\n\n<p>Plus t\u00f4t en 2022, apr\u00e8s avoir travaill\u00e9 2 ans dans la grande distribution et la manutention, je me suis demand\u00e9 ce que je voulais r\u00e9ellement faire dans la vie, qu\u2019est-ce qui me rendrait heureux&nbsp;? Cela m\u2019a conduit \u00e0 entamer un travail de d\u00e9veloppement personnel, que ce soit sur le plan personnel comme professionnel. Apr\u00e8s cela, j\u2019en suis venu \u00e0 la conclusion que je voulais parcourir le monde et d\u00e9couvrir les diff\u00e9rentes cultures qui le peuple. Subs\u00e9quemment, en tant que futur digital nomade, je sais donc que je devrai constamment repousser mes limites, sortir de ma zone de confort et \u00eatre ouvert au changement.<\/p>\n\n\n\n<p>Pour moi, cette citation d&#8217;Albert Einstein r\u00e9sonne profond\u00e9ment avec ma vision du d\u00e9veloppement personnel et de l&#8217;entrepreneuriat. Elle m&#8217;inspire \u00e0 adopter une mentalit\u00e9 d&#8217;exploration, d&#8217;adaptation et de recherche constante d&#8217;am\u00e9lioration.<\/p>\n\n\n\n<p>Ayant des objectifs entrepreneurials, je suis conscient que je devrai constamment innover, m&#8217;adapter aux nouvelles tendances et prendre des risques. Mon objectif est de travailler chaque jour, tant sur le plan personnel que professionnel, afin de devenir un petit peu plus, chaque jour, une meilleure version de moi-m\u00eame. Cette citation est l\u00e0 pour me rappeler que la folie serait d&#8217;esp\u00e9rer atteindre ces objectifs tout en me contentant de la routine et du minimum.<\/p>\n\n\n\n<p>Par la suite, en m\u2019int\u00e9ressant \u00e0 divers sujets tournant autour du marketing digital, j\u2019ai \u00e9t\u00e9 int\u00e9ress\u00e9 par le potentiel incroyable de l\u2019intelligence artificielle. J\u2019ai donc d\u00e9cid\u00e9 d\u2019utiliser l\u2019IA pour g\u00e9n\u00e9rer certains \u00e9l\u00e9ments visuels de ce portfolio ou mon avatar 3D pr\u00e9sent sur la page d&#8217;accueil.<\/p>\n\n\n\n<div style=\"height:60px\" aria-hidden=\"true\" class=\"wp-block-spacer\"><\/div>\n","protected":false},"excerpt":{"rendered":"<p>&#8220;La folie, c&#8217;est de faire toujours la m\u00eame chose et de s&#8217;attendre \u00e0 un r\u00e9sultat diff\u00e9rent !&#8221; &#8211; Albert Einstein. J\u2019aimerais vous parler de moi en repartant de cette citation. En r\u00e9alit\u00e9, je pense que ce sont des paroles plus profondes qu\u2019il n\u2019y para\u00eet qui nous invite \u00e0 remettre en question nos approches et \u00e0 &hellip; <\/p>\n<p class=\"link-more\"><a href=\"https:\/\/josuekouame.com\/index.php\/qui-suis-je\/\" class=\"more-link\">Read more<span class=\"screen-reader-text\"> &#8220;Qui suis-je ?&#8221;<\/span><\/a><\/p>\n","protected":false},"author":1,"featured_media":93,"parent":0,"menu_order":0,"comment_status":"closed","ping_status":"closed","template":"","meta":{"_eb_attr":"","_monsterinsights_skip_tracking":false,"_monsterinsights_sitenote_active":false,"_monsterinsights_sitenote_note":"","_monsterinsights_sitenote_category":0,"footnotes":""},"class_list":["post-34","page","type-page","status-publish","has-post-thumbnail","hentry"],"yoast_head":"<!-- This site is optimized with the Yoast SEO plugin v20.8 - https:\/\/yoast.com\/wordpress\/plugins\/seo\/ -->\n<title>Qui suis-je ? - Josu\u00e9 KOUAME<\/title>\n<meta name=\"robots\" content=\"index, follow, max-snippet:-1, max-image-preview:large, max-video-preview:-1\" \/>\n<link rel=\"canonical\" href=\"http:\/\/josuekouame.com\/index.php\/qui-suis-je\/\" \/>\n<meta property=\"og:locale\" content=\"en_US\" \/>\n<meta property=\"og:type\" content=\"article\" \/>\n<meta property=\"og:title\" content=\"Qui suis-je ? - Josu\u00e9 KOUAME\" \/>\n<meta property=\"og:description\" content=\"&#8220;La folie, c&#8217;est de faire toujours la m\u00eame chose et de s&#8217;attendre \u00e0 un r\u00e9sultat diff\u00e9rent !&#8221; &#8211; Albert Einstein. J\u2019aimerais vous parler de moi en repartant de cette citation. En r\u00e9alit\u00e9, je pense que ce sont des paroles plus profondes qu\u2019il n\u2019y para\u00eet qui nous invite \u00e0 remettre en question nos approches et \u00e0 &hellip; Read more &quot;Qui suis-je ?&quot;\" \/>\n<meta property=\"og:url\" content=\"http:\/\/josuekouame.com\/index.php\/qui-suis-je\/\" \/>\n<meta property=\"og:site_name\" content=\"Josu\u00e9 KOUAME\" \/>\n<meta property=\"article:modified_time\" content=\"2024-03-12T10:43:06+00:00\" \/>\n<meta property=\"og:image\" content=\"http:\/\/josuekouame.com\/wp-content\/uploads\/2023\/06\/Design-sans-titre-3.png\" \/>\n\t<meta property=\"og:image:width\" content=\"2000\" \/>\n\t<meta property=\"og:image:height\" content=\"1200\" \/>\n\t<meta property=\"og:image:type\" content=\"image\/png\" \/>\n<meta name=\"twitter:card\" content=\"summary_large_image\" \/>\n<meta name=\"twitter:label1\" content=\"Est. reading time\" \/>\n\t<meta name=\"twitter:data1\" content=\"2 minutes\" \/>\n<script type=\"application\/ld+json\" class=\"yoast-schema-graph\">{\"@context\":\"https:\/\/schema.org\",\"@graph\":[{\"@type\":\"WebPage\",\"@id\":\"http:\/\/josuekouame.com\/index.php\/qui-suis-je\/\",\"url\":\"http:\/\/josuekouame.com\/index.php\/qui-suis-je\/\",\"name\":\"Qui suis-je ? - Josu\u00e9 KOUAME\",\"isPartOf\":{\"@id\":\"https:\/\/josuekouame.com\/#website\"},\"datePublished\":\"2023-05-31T20:48:29+00:00\",\"dateModified\":\"2024-03-12T10:43:06+00:00\",\"breadcrumb\":{\"@id\":\"http:\/\/josuekouame.com\/index.php\/qui-suis-je\/#breadcrumb\"},\"inLanguage\":\"en-US\",\"potentialAction\":[{\"@type\":\"ReadAction\",\"target\":[\"http:\/\/josuekouame.com\/index.php\/qui-suis-je\/\"]}]},{\"@type\":\"BreadcrumbList\",\"@id\":\"http:\/\/josuekouame.com\/index.php\/qui-suis-je\/#breadcrumb\",\"itemListElement\":[{\"@type\":\"ListItem\",\"position\":1,\"name\":\"Accueil\",\"item\":\"https:\/\/josuekouame.com\/\"},{\"@type\":\"ListItem\",\"position\":2,\"name\":\"Qui suis-je ?\"}]},{\"@type\":\"WebSite\",\"@id\":\"https:\/\/josuekouame.com\/#website\",\"url\":\"https:\/\/josuekouame.com\/\",\"name\":\"Josu\u00e9 KOUAME\",\"description\":\"Bienvenue sur mon site web Portfolio !\",\"potentialAction\":[{\"@type\":\"SearchAction\",\"target\":{\"@type\":\"EntryPoint\",\"urlTemplate\":\"https:\/\/josuekouame.com\/?s={search_term_string}\"},\"query-input\":\"required name=search_term_string\"}],\"inLanguage\":\"en-US\"}]}<\/script>\n<!-- \/ Yoast SEO plugin. -->","yoast_head_json":{"title":"Qui suis-je ? - Josu\u00e9 KOUAME","robots":{"index":"index","follow":"follow","max-snippet":"max-snippet:-1","max-image-preview":"max-image-preview:large","max-video-preview":"max-video-preview:-1"},"canonical":"http:\/\/josuekouame.com\/index.php\/qui-suis-je\/","og_locale":"en_US","og_type":"article","og_title":"Qui suis-je ? - Josu\u00e9 KOUAME","og_description":"&#8220;La folie, c&#8217;est de faire toujours la m\u00eame chose et de s&#8217;attendre \u00e0 un r\u00e9sultat diff\u00e9rent !&#8221; &#8211; Albert Einstein. J\u2019aimerais vous parler de moi en repartant de cette citation. En r\u00e9alit\u00e9, je pense que ce sont des paroles plus profondes qu\u2019il n\u2019y para\u00eet qui nous invite \u00e0 remettre en question nos approches et \u00e0 &hellip; Read more \"Qui suis-je ?\"","og_url":"http:\/\/josuekouame.com\/index.php\/qui-suis-je\/","og_site_name":"Josu\u00e9 KOUAME","article_modified_time":"2024-03-12T10:43:06+00:00","og_image":[{"width":2000,"height":1200,"url":"http:\/\/josuekouame.com\/wp-content\/uploads\/2023\/06\/Design-sans-titre-3.png","type":"image\/png"}],"twitter_card":"summary_large_image","twitter_misc":{"Est. reading time":"2 minutes"},"schema":{"@context":"https:\/\/schema.org","@graph":[{"@type":"WebPage","@id":"http:\/\/josuekouame.com\/index.php\/qui-suis-je\/","url":"http:\/\/josuekouame.com\/index.php\/qui-suis-je\/","name":"Qui suis-je ? - Josu\u00e9 KOUAME","isPartOf":{"@id":"https:\/\/josuekouame.com\/#website"},"datePublished":"2023-05-31T20:48:29+00:00","dateModified":"2024-03-12T10:43:06+00:00","breadcrumb":{"@id":"http:\/\/josuekouame.com\/index.php\/qui-suis-je\/#breadcrumb"},"inLanguage":"en-US","potentialAction":[{"@type":"ReadAction","target":["http:\/\/josuekouame.com\/index.php\/qui-suis-je\/"]}]},{"@type":"BreadcrumbList","@id":"http:\/\/josuekouame.com\/index.php\/qui-suis-je\/#breadcrumb","itemListElement":[{"@type":"ListItem","position":1,"name":"Accueil","item":"https:\/\/josuekouame.com\/"},{"@type":"ListItem","position":2,"name":"Qui suis-je ?"}]},{"@type":"WebSite","@id":"https:\/\/josuekouame.com\/#website","url":"https:\/\/josuekouame.com\/","name":"Josu\u00e9 KOUAME","description":"Bienvenue sur mon site web Portfolio !","potentialAction":[{"@type":"SearchAction","target":{"@type":"EntryPoint","urlTemplate":"https:\/\/josuekouame.com\/?s={search_term_string}"},"query-input":"required name=search_term_string"}],"inLanguage":"en-US"}]}},"_links":{"self":[{"href":"https:\/\/josuekouame.com\/index.php\/wp-json\/wp\/v2\/pages\/34","targetHints":{"allow":["GET"]}}],"collection":[{"href":"https:\/\/josuekouame.com\/index.php\/wp-json\/wp\/v2\/pages"}],"about":[{"href":"https:\/\/josuekouame.com\/index.php\/wp-json\/wp\/v2\/types\/page"}],"author":[{"embeddable":true,"href":"https:\/\/josuekouame.com\/index.php\/wp-json\/wp\/v2\/users\/1"}],"replies":[{"embeddable":true,"href":"https:\/\/josuekouame.com\/index.php\/wp-json\/wp\/v2\/comments?post=34"}],"version-history":[{"count":37,"href":"https:\/\/josuekouame.com\/index.php\/wp-json\/wp\/v2\/pages\/34\/revisions"}],"predecessor-version":[{"id":1314,"href":"https:\/\/josuekouame.com\/index.php\/wp-json\/wp\/v2\/pages\/34\/revisions\/1314"}],"wp:featuredmedia":[{"embeddable":true,"href":"https:\/\/josuekouame.com\/index.php\/wp-json\/wp\/v2\/media\/93"}],"wp:attachment":[{"href":"https:\/\/josuekouame.com\/index.php\/wp-json\/wp\/v2\/media?parent=34"}],"curies":[{"name":"wp","href":"https:\/\/api.w.org\/{rel}","templated":true}]}}