{"id":33,"date":"2023-05-31T22:48:29","date_gmt":"2023-05-31T20:48:29","guid":{"rendered":"https:\/\/josuekouame.com\/?page_id=33"},"modified":"2024-04-23T19:20:34","modified_gmt":"2024-04-23T17:20:34","slug":"accueil","status":"publish","type":"page","link":"https:\/\/josuekouame.com\/","title":{"rendered":""},"content":{"rendered":"\n<h2 class=\"wp-block-heading\">&#8220;La folie, c&#8217;est de faire toujours la m\u00eame chose et de s&#8217;attendre \u00e0 un r\u00e9sultat diff\u00e9rent !&#8221; &#8211; Albert Einstein.<\/h2>\n\n\n\n<div style=\"height:90px\" aria-hidden=\"true\" class=\"wp-block-spacer\"><\/div>\n\n\n\n<div class=\"wp-block-cover alignfull\"><span aria-hidden=\"true\" class=\"wp-block-cover__background has-background-dim\"><\/span><img loading=\"lazy\" decoding=\"async\" width=\"2000\" height=\"1200\" src=\"https:\/\/josuekouame.com\/wp-content\/uploads\/2023\/06\/Design-sans-titre.png\" class=\"wp-block-cover__image-background wp-post-image\" alt=\"\" data-object-fit=\"cover\" srcset=\"https:\/\/josuekouame.com\/wp-content\/uploads\/2023\/06\/Design-sans-titre.png 2000w, https:\/\/josuekouame.com\/wp-content\/uploads\/2023\/06\/Design-sans-titre-300x180.png 300w, https:\/\/josuekouame.com\/wp-content\/uploads\/2023\/06\/Design-sans-titre-1024x614.png 1024w, https:\/\/josuekouame.com\/wp-content\/uploads\/2023\/06\/Design-sans-titre-768x461.png 768w, https:\/\/josuekouame.com\/wp-content\/uploads\/2023\/06\/Design-sans-titre-1536x922.png 1536w\" sizes=\"auto, 100vw\" \/><div class=\"wp-block-cover__inner-container is-layout-flow wp-block-cover-is-layout-flow\">\n<div style=\"height:35px\" aria-hidden=\"true\" class=\"wp-block-spacer\"><\/div>\n\n\n\n<p class=\"has-text-align-center\" style=\"font-size:33px;font-style:normal;font-weight:600\"><strong>Mes derniers Projets<\/strong><\/p>\n\n\n\n<div style=\"height:35px\" aria-hidden=\"true\" class=\"wp-block-spacer\"><\/div>\n\n\n\n<div class=\"wp-block-columns are-vertically-aligned-center is-layout-flex wp-container-core-columns-is-layout-9d6595d7 wp-block-columns-is-layout-flex\">\n<div class=\"wp-block-column is-vertically-aligned-center is-layout-flow wp-block-column-is-layout-flow\">\n<figure class=\"wp-block-image size-full is-resized\"><a href=\"https:\/\/josuekouame.com\/index.php\/triply-2\/\"><img loading=\"lazy\" decoding=\"async\" width=\"700\" height=\"450\" src=\"https:\/\/josuekouame.com\/wp-content\/uploads\/2023\/06\/Vignettes-3.png\" alt=\"\" class=\"wp-image-813\" style=\"width:525px;height:338px\" srcset=\"https:\/\/josuekouame.com\/wp-content\/uploads\/2023\/06\/Vignettes-3.png 700w, https:\/\/josuekouame.com\/wp-content\/uploads\/2023\/06\/Vignettes-3-300x193.png 300w\" sizes=\"auto, (max-width: 700px) 100vw, 700px\" \/><\/a><\/figure>\n<\/div>\n\n\n\n<div class=\"wp-block-column is-vertically-aligned-center is-layout-flow wp-block-column-is-layout-flow\">\n<figure class=\"wp-block-image size-full is-resized is-style-default\"><a href=\"https:\/\/josuekouame.com\/index.php\/optimisation-fhp-rein\/\"><img loading=\"lazy\" decoding=\"async\" width=\"700\" height=\"450\" src=\"http:\/\/josuekouame.com\/wp-content\/uploads\/2023\/06\/Vignettes.png\" alt=\"\" class=\"wp-image-812\" style=\"width:525px;height:338px\" srcset=\"https:\/\/josuekouame.com\/wp-content\/uploads\/2023\/06\/Vignettes.png 700w, https:\/\/josuekouame.com\/wp-content\/uploads\/2023\/06\/Vignettes-300x193.png 300w\" sizes=\"auto, (max-width: 700px) 100vw, 700px\" \/><\/a><\/figure>\n<\/div>\n<\/div>\n\n\n\n<div style=\"height:20px\" aria-hidden=\"true\" class=\"wp-block-spacer\"><\/div>\n\n\n\n<div class=\"wp-block-buttons is-layout-flex wp-block-buttons-is-layout-flex\">\n<div class=\"wp-block-button is-style-outline is-style-outline--1\"><a class=\"wp-block-button__link wp-element-button\" href=\"https:\/\/josuekouame.com\/index.php\/mes-projets\/\">D\u00e9couvrir tous mes projets<\/a><\/div>\n<\/div>\n\n\n\n<div style=\"height:50px\" aria-hidden=\"true\" class=\"wp-block-spacer\"><\/div>\n<\/div><\/div>\n\n\n\n<div class=\"wp-block-group alignfull\"><div class=\"wp-block-group__inner-container is-layout-flow wp-block-group-is-layout-flow\">\n<div class=\"wp-block-columns are-vertically-aligned-center is-layout-flex wp-container-core-columns-is-layout-9d6595d7 wp-block-columns-is-layout-flex\">\n<div class=\"wp-block-column is-vertically-aligned-center is-layout-flow wp-block-column-is-layout-flow\">\n<div style=\"height:10px\" aria-hidden=\"true\" class=\"wp-block-spacer\"><\/div>\n\n\n\n<h2 class=\"wp-block-heading\">Mes comp\u00e9tences<\/h2>\n\n\n\n<div style=\"height:10px\" aria-hidden=\"true\" class=\"wp-block-spacer\"><\/div>\n\n\n\n<div class=\"wp-block-essential-blocks-progress-bar\"><div class=\"eb-parent-wrapper eb-parent-eb-progressbar-yj5g0ob \"><div class=\"eb-progressbar-wrapper eb-progressbar-yj5g0ob\"><div class=\"eb-progressbar-line-container center\"><div class=\"eb-progressbar-title\">R\u00e9f\u00e9rencement web<\/div><div class=\"eb-progressbar eb-progressbar-line\" data-layout=\"line\" data-count=\"65\" data-duration=\"1500\"><span class=\"eb-progressbar-line-fill\"><\/span><\/div><\/div><\/div><\/div><\/div>\n\n\n\n<div style=\"height:30px\" aria-hidden=\"true\" class=\"wp-block-spacer\"><\/div>\n\n\n\n<div class=\"wp-block-essential-blocks-progress-bar\"><div class=\"eb-parent-wrapper eb-parent-eb-progressbar-z5tlbq4 \"><div class=\"eb-progressbar-wrapper eb-progressbar-z5tlbq4\"><div class=\"eb-progressbar-line-container center\"><div class=\"eb-progressbar-title\">Gestion des r\u00e9seaux sociaux<\/div><div class=\"eb-progressbar eb-progressbar-line\" data-layout=\"line\" data-count=\"80\" data-duration=\"1500\"><span class=\"eb-progressbar-line-fill\"><\/span><\/div><\/div><\/div><\/div><\/div>\n\n\n\n<div style=\"height:30px\" aria-hidden=\"true\" class=\"wp-block-spacer\"><\/div>\n\n\n\n<div class=\"wp-block-essential-blocks-progress-bar\"><div class=\"eb-parent-wrapper eb-parent-eb-progressbar-xctl2yt \"><div class=\"eb-progressbar-wrapper eb-progressbar-xctl2yt\"><div class=\"eb-progressbar-line-container center\"><div class=\"eb-progressbar-title\">Web\/Social media Analytics<\/div><div class=\"eb-progressbar eb-progressbar-line\" data-layout=\"line\" data-count=\"65\" data-duration=\"1500\"><span class=\"eb-progressbar-line-fill\"><\/span><\/div><\/div><\/div><\/div><\/div>\n\n\n\n<div style=\"height:30px\" aria-hidden=\"true\" class=\"wp-block-spacer\"><\/div>\n\n\n\n<div class=\"wp-block-essential-blocks-progress-bar\"><div class=\"eb-parent-wrapper eb-parent-eb-progressbar-8qbjjnk \"><div class=\"eb-progressbar-wrapper eb-progressbar-8qbjjnk\"><div class=\"eb-progressbar-line-container center\"><div class=\"eb-progressbar-title\">R\u00e9daction web<\/div><div class=\"eb-progressbar eb-progressbar-line\" data-layout=\"line\" data-count=\"55\" data-duration=\"1500\"><span class=\"eb-progressbar-line-fill\"><\/span><\/div><\/div><\/div><\/div><\/div>\n\n\n\n<div style=\"height:20px\" aria-hidden=\"true\" class=\"wp-block-spacer\"><\/div>\n\n\n\n<div style=\"height:40px\" aria-hidden=\"true\" class=\"wp-block-spacer\"><\/div>\n<\/div>\n<\/div>\n<\/div><\/div>\n\n\n\n<div class=\"wp-block-cover alignfull\"><span aria-hidden=\"true\" class=\"wp-block-cover__background has-background-dim\"><\/span><img loading=\"lazy\" decoding=\"async\" width=\"2000\" height=\"1200\" src=\"https:\/\/josuekouame.com\/wp-content\/uploads\/2023\/06\/Design-sans-titre.png\" class=\"wp-block-cover__image-background wp-post-image\" alt=\"\" data-object-fit=\"cover\" srcset=\"https:\/\/josuekouame.com\/wp-content\/uploads\/2023\/06\/Design-sans-titre.png 2000w, https:\/\/josuekouame.com\/wp-content\/uploads\/2023\/06\/Design-sans-titre-300x180.png 300w, https:\/\/josuekouame.com\/wp-content\/uploads\/2023\/06\/Design-sans-titre-1024x614.png 1024w, https:\/\/josuekouame.com\/wp-content\/uploads\/2023\/06\/Design-sans-titre-768x461.png 768w, https:\/\/josuekouame.com\/wp-content\/uploads\/2023\/06\/Design-sans-titre-1536x922.png 1536w\" sizes=\"auto, 100vw\" \/><div class=\"wp-block-cover__inner-container is-layout-flow wp-block-cover-is-layout-flow\">\n<div style=\"height:35px\" aria-hidden=\"true\" class=\"wp-block-spacer\"><\/div>\n\n\n\n<h1 class=\"wp-block-heading has-text-align-center has-white-color has-text-color\">Contact<\/h1>\n\n\n\n<p class=\"has-text-align-center has-white-color has-text-color\">Mon profil vous int\u00e9resse&nbsp;? Alors vous \u00eates au bon endroit !<\/p>\n\n\n\n<p class=\"has-text-align-center has-white-color has-text-color\">Contactez-moi directement en utilisant le lien ci-dessous, ou bien continuez votre visite sur mon Portfolio pour en apprendre davantage sur mon parcours et mes r\u00e9alisations.<\/p>\n\n\n\n<div style=\"height:20px\" aria-hidden=\"true\" class=\"wp-block-spacer\"><\/div>\n\n\n\n<div class=\"wp-block-buttons is-content-justification-center is-layout-flex wp-container-core-buttons-is-layout-16018d1d wp-block-buttons-is-layout-flex\">\n<div class=\"wp-block-button is-style-outline is-style-outline--2\"><a class=\"wp-block-button__link has-text-align-center wp-element-button\" href=\"https:\/\/josuekouame.com\/index.php\/contact\/\">contactez-moi !<\/a><\/div>\n<\/div>\n\n\n\n<div style=\"height:75px\" aria-hidden=\"true\" class=\"wp-block-spacer\"><\/div>\n<\/div><\/div>\n","protected":false},"excerpt":{"rendered":"<p>&#8220;La folie, c&#8217;est de faire toujours la m\u00eame chose et de s&#8217;attendre \u00e0 un r\u00e9sultat diff\u00e9rent !&#8221; &#8211; Albert Einstein. Mes comp\u00e9tences<\/p>\n","protected":false},"author":1,"featured_media":90,"parent":0,"menu_order":0,"comment_status":"closed","ping_status":"closed","template":"","meta":{"_eb_attr":"","_monsterinsights_skip_tracking":false,"_monsterinsights_sitenote_active":false,"_monsterinsights_sitenote_note":"","_monsterinsights_sitenote_category":0,"footnotes":""},"class_list":["post-33","page","type-page","status-publish","has-post-thumbnail","hentry"],"yoast_head":"<!-- This site is optimized with the Yoast SEO plugin v20.8 - https:\/\/yoast.com\/wordpress\/plugins\/seo\/ -->\n<title>Josu\u00e9 KOUAME - Charg\u00e9 de mission Projets web et R\u00e9seaux sociaux<\/title>\n<meta name=\"description\" content=\"D\u00e9couvrez mes exp\u00e9riences professionnelles, mon parcours ainsi que mes comp\u00e9tences dans le marketing digital et la communication.\" \/>\n<meta name=\"robots\" content=\"index, follow, max-snippet:-1, max-image-preview:large, max-video-preview:-1\" \/>\n<link rel=\"canonical\" href=\"https:\/\/josuekouame.com\/\" \/>\n<meta property=\"og:locale\" content=\"en_US\" \/>\n<meta property=\"og:type\" content=\"article\" \/>\n<meta property=\"og:title\" content=\"Josu\u00e9 KOUAME - Charg\u00e9 de mission Projets web et R\u00e9seaux sociaux\" \/>\n<meta property=\"og:description\" content=\"D\u00e9couvrez mes exp\u00e9riences professionnelles, mon parcours ainsi que mes comp\u00e9tences dans le marketing digital et la communication.\" \/>\n<meta property=\"og:url\" content=\"https:\/\/josuekouame.com\/\" \/>\n<meta property=\"og:site_name\" content=\"Josu\u00e9 KOUAME\" \/>\n<meta property=\"article:modified_time\" content=\"2024-04-23T17:20:34+00:00\" \/>\n<meta property=\"og:image\" content=\"https:\/\/josuekouame.com\/wp-content\/uploads\/2023\/06\/Design-sans-titre.png\" \/>\n\t<meta property=\"og:image:width\" content=\"2000\" \/>\n\t<meta property=\"og:image:height\" content=\"1200\" \/>\n\t<meta property=\"og:image:type\" content=\"image\/png\" \/>\n<meta name=\"twitter:card\" content=\"summary_large_image\" \/>\n<meta name=\"twitter:label1\" content=\"Est. reading time\" \/>\n\t<meta name=\"twitter:data1\" content=\"1 minute\" \/>\n<script type=\"application\/ld+json\" class=\"yoast-schema-graph\">{\"@context\":\"https:\/\/schema.org\",\"@graph\":[{\"@type\":\"WebPage\",\"@id\":\"https:\/\/josuekouame.com\/\",\"url\":\"https:\/\/josuekouame.com\/\",\"name\":\"Josu\u00e9 KOUAME - Charg\u00e9 de mission Projets web et R\u00e9seaux sociaux\",\"isPartOf\":{\"@id\":\"https:\/\/josuekouame.com\/#website\"},\"datePublished\":\"2023-05-31T20:48:29+00:00\",\"dateModified\":\"2024-04-23T17:20:34+00:00\",\"description\":\"D\u00e9couvrez mes exp\u00e9riences professionnelles, mon parcours ainsi que mes comp\u00e9tences dans le marketing digital et la communication.\",\"inLanguage\":\"en-US\",\"potentialAction\":[{\"@type\":\"ReadAction\",\"target\":[\"https:\/\/josuekouame.com\/\"]}]},{\"@type\":\"WebSite\",\"@id\":\"https:\/\/josuekouame.com\/#website\",\"url\":\"https:\/\/josuekouame.com\/\",\"name\":\"Josu\u00e9 KOUAME\",\"description\":\"Bienvenue sur mon site web Portfolio !\",\"potentialAction\":[{\"@type\":\"SearchAction\",\"target\":{\"@type\":\"EntryPoint\",\"urlTemplate\":\"https:\/\/josuekouame.com\/?s={search_term_string}\"},\"query-input\":\"required name=search_term_string\"}],\"inLanguage\":\"en-US\"}]}<\/script>\n<!-- \/ Yoast SEO plugin. -->","yoast_head_json":{"title":"Josu\u00e9 KOUAME - Charg\u00e9 de mission Projets web et R\u00e9seaux sociaux","description":"D\u00e9couvrez mes exp\u00e9riences professionnelles, mon parcours ainsi que mes comp\u00e9tences dans le marketing digital et la communication.","robots":{"index":"index","follow":"follow","max-snippet":"max-snippet:-1","max-image-preview":"max-image-preview:large","max-video-preview":"max-video-preview:-1"},"canonical":"https:\/\/josuekouame.com\/","og_locale":"en_US","og_type":"article","og_title":"Josu\u00e9 KOUAME - Charg\u00e9 de mission Projets web et R\u00e9seaux sociaux","og_description":"D\u00e9couvrez mes exp\u00e9riences professionnelles, mon parcours ainsi que mes comp\u00e9tences dans le marketing digital et la communication.","og_url":"https:\/\/josuekouame.com\/","og_site_name":"Josu\u00e9 KOUAME","article_modified_time":"2024-04-23T17:20:34+00:00","og_image":[{"width":2000,"height":1200,"url":"https:\/\/josuekouame.com\/wp-content\/uploads\/2023\/06\/Design-sans-titre.png","type":"image\/png"}],"twitter_card":"summary_large_image","twitter_misc":{"Est. reading time":"1 minute"},"schema":{"@context":"https:\/\/schema.org","@graph":[{"@type":"WebPage","@id":"https:\/\/josuekouame.com\/","url":"https:\/\/josuekouame.com\/","name":"Josu\u00e9 KOUAME - Charg\u00e9 de mission Projets web et R\u00e9seaux sociaux","isPartOf":{"@id":"https:\/\/josuekouame.com\/#website"},"datePublished":"2023-05-31T20:48:29+00:00","dateModified":"2024-04-23T17:20:34+00:00","description":"D\u00e9couvrez mes exp\u00e9riences professionnelles, mon parcours ainsi que mes comp\u00e9tences dans le marketing digital et la communication.","inLanguage":"en-US","potentialAction":[{"@type":"ReadAction","target":["https:\/\/josuekouame.com\/"]}]},{"@type":"WebSite","@id":"https:\/\/josuekouame.com\/#website","url":"https:\/\/josuekouame.com\/","name":"Josu\u00e9 KOUAME","description":"Bienvenue sur mon site web Portfolio !","potentialAction":[{"@type":"SearchAction","target":{"@type":"EntryPoint","urlTemplate":"https:\/\/josuekouame.com\/?s={search_term_string}"},"query-input":"required name=search_term_string"}],"inLanguage":"en-US"}]}},"_links":{"self":[{"href":"https:\/\/josuekouame.com\/index.php\/wp-json\/wp\/v2\/pages\/33","targetHints":{"allow":["GET"]}}],"collection":[{"href":"https:\/\/josuekouame.com\/index.php\/wp-json\/wp\/v2\/pages"}],"about":[{"href":"https:\/\/josuekouame.com\/index.php\/wp-json\/wp\/v2\/types\/page"}],"author":[{"embeddable":true,"href":"https:\/\/josuekouame.com\/index.php\/wp-json\/wp\/v2\/users\/1"}],"replies":[{"embeddable":true,"href":"https:\/\/josuekouame.com\/index.php\/wp-json\/wp\/v2\/comments?post=33"}],"version-history":[{"count":136,"href":"https:\/\/josuekouame.com\/index.php\/wp-json\/wp\/v2\/pages\/33\/revisions"}],"predecessor-version":[{"id":1313,"href":"https:\/\/josuekouame.com\/index.php\/wp-json\/wp\/v2\/pages\/33\/revisions\/1313"}],"wp:featuredmedia":[{"embeddable":true,"href":"https:\/\/josuekouame.com\/index.php\/wp-json\/wp\/v2\/media\/90"}],"wp:attachment":[{"href":"https:\/\/josuekouame.com\/index.php\/wp-json\/wp\/v2\/media?parent=33"}],"curies":[{"name":"wp","href":"https:\/\/api.w.org\/{rel}","templated":true}]}}